{"id":326,"date":"2015-07-14T18:41:26","date_gmt":"2015-07-14T18:41:26","guid":{"rendered":"http:\/\/temp\/?page_id=326"},"modified":"2020-09-10T11:12:52","modified_gmt":"2020-09-10T11:12:52","slug":"sobre-nosaltres","status":"publish","type":"page","link":"https:\/\/www.rocdauro.com\/es\/sobre-nosaltres\/","title":{"rendered":"Nosotros"},"content":{"rendered":"<p>[vc_row css=\u00bb.vc_custom_1436899789763{margin-bottom: 20px !important;}\u00bb][vc_column][vc_column_text]<img loading=\"lazy\" decoding=\"async\" class=\"alignnone size-full wp-image-846\" src=\"https:\/\/www.rocdauro.com\/wp-content\/uploads\/2020\/05\/Mireia-i-Xavi-SIR_0903-copiaweb.jpg\" alt=\"\" width=\"2000\" height=\"1333\" srcset=\"https:\/\/www.rocdauro.com\/wp-content\/uploads\/2020\/05\/Mireia-i-Xavi-SIR_0903-copiaweb.jpg 2000w, https:\/\/www.rocdauro.com\/wp-content\/uploads\/2020\/05\/Mireia-i-Xavi-SIR_0903-copiaweb-300x200.jpg 300w, https:\/\/www.rocdauro.com\/wp-content\/uploads\/2020\/05\/Mireia-i-Xavi-SIR_0903-copiaweb-1024x682.jpg 1024w, https:\/\/www.rocdauro.com\/wp-content\/uploads\/2020\/05\/Mireia-i-Xavi-SIR_0903-copiaweb-768x512.jpg 768w, https:\/\/www.rocdauro.com\/wp-content\/uploads\/2020\/05\/Mireia-i-Xavi-SIR_0903-copiaweb-1536x1024.jpg 1536w, https:\/\/www.rocdauro.com\/wp-content\/uploads\/2020\/05\/Mireia-i-Xavi-SIR_0903-copiaweb-500x333.jpg 500w, https:\/\/www.rocdauro.com\/wp-content\/uploads\/2020\/05\/Mireia-i-Xavi-SIR_0903-copiaweb-690x460.jpg 690w, https:\/\/www.rocdauro.com\/wp-content\/uploads\/2020\/05\/Mireia-i-Xavi-SIR_0903-copiaweb-1300x866.jpg 1300w, https:\/\/www.rocdauro.com\/wp-content\/uploads\/2020\/05\/Mireia-i-Xavi-SIR_0903-copiaweb-1660x1106.jpg 1660w, https:\/\/www.rocdauro.com\/wp-content\/uploads\/2020\/05\/Mireia-i-Xavi-SIR_0903-copiaweb-1920x1280.jpg 1920w\" sizes=\"auto, (max-width: 2000px) 100vw, 2000px\" \/><\/p>\n<p>Bienvenidos a nuestra web. Somos\u00a0 la Mireia y el Xavier dos apasionados de los Jacks Russells Terriers. Desde que empecemos a compartir nuestras vidas siempre hemos estado rodeados de mascotas. Primero perros de razas grandes hasta que un dia en un concurso canino nos despert\u00f3 el inter\u00e9s hacia un perro de raza peque\u00f1a como es el Jack Russell Terrier. Desde aquel momento nuestras inquietudes y nuestras ganas de aprender todo respecto al Jack Russell nos introdujo en el mundo de los terriers\u00a0 llegando as\u00ed a conocer a grandes criadores nacionales y internacionales de los cu\u00e1les aprendimos mucho y nos asesoraron lo mejor posible. De esto ya hace unos cu\u00e1ntos d\u00edas . Nuestra filosof\u00eda es trabajar d\u00eda a d\u00eda para conseguir una mejora continua de la raza. Nuestra cr\u00eda es familiar y selectiva con pocas camadas al a\u00f1o.<\/p>\n<p>Qui\u00e9n nos iba a decir que desde un primer momento quedariamos enamorados de estos seres tan simp\u00e1ticos, inteligentes y muy familiares como s\u00f3n los Jack Russells.<\/p>\n<p><img loading=\"lazy\" decoding=\"async\" class=\"alignnone size-full wp-image-844\" src=\"https:\/\/www.rocdauro.com\/wp-content\/uploads\/2020\/05\/Riberi-i-Mireia-SIR_1984-copiaweb.jpg\" alt=\"\" width=\"2000\" height=\"1333\" srcset=\"https:\/\/www.rocdauro.com\/wp-content\/uploads\/2020\/05\/Riberi-i-Mireia-SIR_1984-copiaweb.jpg 2000w, https:\/\/www.rocdauro.com\/wp-content\/uploads\/2020\/05\/Riberi-i-Mireia-SIR_1984-copiaweb-300x200.jpg 300w, https:\/\/www.rocdauro.com\/wp-content\/uploads\/2020\/05\/Riberi-i-Mireia-SIR_1984-copiaweb-1024x682.jpg 1024w, https:\/\/www.rocdauro.com\/wp-content\/uploads\/2020\/05\/Riberi-i-Mireia-SIR_1984-copiaweb-768x512.jpg 768w, https:\/\/www.rocdauro.com\/wp-content\/uploads\/2020\/05\/Riberi-i-Mireia-SIR_1984-copiaweb-1536x1024.jpg 1536w, https:\/\/www.rocdauro.com\/wp-content\/uploads\/2020\/05\/Riberi-i-Mireia-SIR_1984-copiaweb-500x333.jpg 500w, https:\/\/www.rocdauro.com\/wp-content\/uploads\/2020\/05\/Riberi-i-Mireia-SIR_1984-copiaweb-690x460.jpg 690w, https:\/\/www.rocdauro.com\/wp-content\/uploads\/2020\/05\/Riberi-i-Mireia-SIR_1984-copiaweb-1300x866.jpg 1300w, https:\/\/www.rocdauro.com\/wp-content\/uploads\/2020\/05\/Riberi-i-Mireia-SIR_1984-copiaweb-1660x1106.jpg 1660w, https:\/\/www.rocdauro.com\/wp-content\/uploads\/2020\/05\/Riberi-i-Mireia-SIR_1984-copiaweb-1920x1280.jpg 1920w\" sizes=\"auto, (max-width: 2000px) 100vw, 2000px\" \/><\/p>\n<p>Nuestros jacks nacen y crecen en un entorno privilegiado para nosotros, en medio de naturaleza donde cada dia disfrutan del sol y de los espacios verdes que les rodean. Nos encontramos en la comarca del Bergued\u00e0 entre la serralada de Queralt y los Rasos de Peguera, a pies de las monta\u00f1as del Cim d&#8217;Estela y del Roc d&#8217;Aur\u00f3 ,de aqu\u00ed el nombre de nuestro afijo . Reconocidos por la F\u00e9d\u00e9ration Cynologique Internacionale con el n\u00fam. 0088\/07 y con el Registro de Nucleo Zool\u00f3gico n\u00fam. B2500993 por el Departamento de Agricultura, Ramaderia, Pesca, Alimentaci\u00f3n y Medio Natural de la Generalidad de Catalu\u00f1a.<\/p>\n<blockquote><p>Para conocernos y\u00a0 visitar a nuestros jacks\u00a0 se debe\u00a0 concertar cita previa .<\/p><\/blockquote>\n<p>[\/vc_column_text][\/vc_column][\/vc_row][vc_row][vc_column width=\u00bb1\/2&#8243;][vc_single_image image=\u00bb850&#8243; img_size=\u00bblarge\u00bb][\/vc_column][vc_column width=\u00bb1\/2&#8243;][vc_single_image image=\u00bb849&#8243; img_size=\u00bblarge\u00bb alignment=\u00bbcenter\u00bb][\/vc_column][\/vc_row][vc_row][vc_column el_id=\u00bbPara visitarnos se debe concertar cita previa para poderles atender como se merecen.\u00bb][vc_separator color=\u00bbblack\u00bb border_width=\u00bb3&#8243;][\/vc_column][\/vc_row][vc_row][vc_column][vc_column_text]<\/p>\n<h3 style=\"text-align: center;\"><strong>\u00a0 \u00a0 \u00a0 \u00a0 \u00a0 \u00a0\u00a0 BREVE HISTORIA DEL JACK RUSSELL<\/strong><\/h3>\n<h3 style=\"text-align: left;\">HISTORIA<\/h3>\n<p style=\"text-align: left;\">El Jack Russell tiene sus or\u00edgenes hacia el a\u00f1o 1800 en Inglaterra gracias a los esfuerzos del reverendo\u00a0 John Russell que quiso convertir el estilo de los Fox Terriers a sus necesidades,\u00a0 tener un perro r\u00e1pido como los foxhounds y al mismo tiempo que pudieran ser grandes cazadores de zorros y otros animales y ser capaces de entrar en sus madrigueras. Conseguiendo dos variedades de perros, uno m\u00e1s alto y conocido como\u00a0 Parson Russell y otro\u00a0 de pata corta y\u00a0 que los conocemos como Jack Russell Terrier .<\/p>\n<p><img loading=\"lazy\" decoding=\"async\" class=\"alignnone size-full wp-image-762\" src=\"https:\/\/www.rocdauro.com\/wp-content\/uploads\/2020\/04\/Riveri-7.jpg\" alt=\"\" width=\"2000\" height=\"1333\" srcset=\"https:\/\/www.rocdauro.com\/wp-content\/uploads\/2020\/04\/Riveri-7.jpg 2000w, https:\/\/www.rocdauro.com\/wp-content\/uploads\/2020\/04\/Riveri-7-300x200.jpg 300w, https:\/\/www.rocdauro.com\/wp-content\/uploads\/2020\/04\/Riveri-7-1024x682.jpg 1024w, https:\/\/www.rocdauro.com\/wp-content\/uploads\/2020\/04\/Riveri-7-768x512.jpg 768w, https:\/\/www.rocdauro.com\/wp-content\/uploads\/2020\/04\/Riveri-7-1536x1024.jpg 1536w, https:\/\/www.rocdauro.com\/wp-content\/uploads\/2020\/04\/Riveri-7-500x333.jpg 500w, https:\/\/www.rocdauro.com\/wp-content\/uploads\/2020\/04\/Riveri-7-690x460.jpg 690w, https:\/\/www.rocdauro.com\/wp-content\/uploads\/2020\/04\/Riveri-7-1300x866.jpg 1300w, https:\/\/www.rocdauro.com\/wp-content\/uploads\/2020\/04\/Riveri-7-1660x1106.jpg 1660w, https:\/\/www.rocdauro.com\/wp-content\/uploads\/2020\/04\/Riveri-7-1920x1280.jpg 1920w\" sizes=\"auto, (max-width: 2000px) 100vw, 2000px\" \/><\/p>\n<p>El Jack Russell Terrier aunque sus or\u00edgenes fueran en Inglaterra , el pa\u00eds donde\u00a0 se desarrollaron fue en Australia.[\/vc_column_text][\/vc_column][\/vc_row][vc_row][vc_column width=\u00bb1\/4&#8243;][vc_single_image image=\u00bb853&#8243;][\/vc_column][vc_column width=\u00bb1\/4&#8243;][vc_single_image image=\u00bb860&#8243;][\/vc_column][vc_column width=\u00bb1\/4&#8243;][vc_single_image image=\u00bb840&#8243;][\/vc_column][vc_column width=\u00bb1\/4&#8243;][vc_single_image image=\u00bb845&#8243;][\/vc_column][\/vc_row][vc_row][vc_column][vc_separator color=\u00bbblack\u00bb border_width=\u00bb3&#8243;][\/vc_column][\/vc_row][vc_row][vc_column][vc_column_text]<\/p>\n<h3 style=\"text-align: center;\"><strong>\u00a0NUESTROS CACHORROS<\/strong><\/h3>\n<p>Cu\u00e1ndo hablamos de cachorros, hemos de tener en cuenta unos factores muy importantes para una buena convivencia y una buena educaci\u00f3n tanto del cachorro como de nosotros mismos. <strong>UN CACHORRO NO ES NING\u00daN JUGUETE.<\/strong> El primer factor es estar bien concienciados que nuestro cachorro va a ser un miembro m\u00e1s de nuestra famil\u00eda,\u00a0 necesitando mimos y\u00a0 buenos tratos. Segundo factor,\u00a0 nuestras costumbres\u00a0 y\/o h\u00e1bitos pueden variar un poco, pero siempre pensando que la nueva mascota necesitar\u00e1 tiempo para correr , jugar y hacer sus necesidades . Es por esta raz\u00f3n que siempre nos gusta saber un poquito de las costumbres y h\u00e1bitos de las\u00a0 familias\u00a0 que quieren tener un Jack\u00a0 Russell de nuestro afijo.\u00a0 Nosotros\u00a0 estamos para ayudaros en todo lo posible y daros consejos en el dia a dia con vuestro Jack, pero la pieza clave para una buena convivencia con vuestra mascota sois vosotros.<\/p>\n<p><img loading=\"lazy\" decoding=\"async\" class=\"alignnone size-full wp-image-964\" src=\"https:\/\/www.rocdauro.com\/wp-content\/uploads\/2020\/07\/IMG_0433-scaled.jpg\" alt=\"\" width=\"2560\" height=\"1707\" srcset=\"https:\/\/www.rocdauro.com\/wp-content\/uploads\/2020\/07\/IMG_0433-scaled.jpg 2560w, https:\/\/www.rocdauro.com\/wp-content\/uploads\/2020\/07\/IMG_0433-300x200.jpg 300w, https:\/\/www.rocdauro.com\/wp-content\/uploads\/2020\/07\/IMG_0433-1024x683.jpg 1024w, https:\/\/www.rocdauro.com\/wp-content\/uploads\/2020\/07\/IMG_0433-768x512.jpg 768w, https:\/\/www.rocdauro.com\/wp-content\/uploads\/2020\/07\/IMG_0433-1536x1024.jpg 1536w, https:\/\/www.rocdauro.com\/wp-content\/uploads\/2020\/07\/IMG_0433-2048x1365.jpg 2048w, https:\/\/www.rocdauro.com\/wp-content\/uploads\/2020\/07\/IMG_0433-500x333.jpg 500w, https:\/\/www.rocdauro.com\/wp-content\/uploads\/2020\/07\/IMG_0433-690x460.jpg 690w, https:\/\/www.rocdauro.com\/wp-content\/uploads\/2020\/07\/IMG_0433-1300x867.jpg 1300w, https:\/\/www.rocdauro.com\/wp-content\/uploads\/2020\/07\/IMG_0433-1660x1107.jpg 1660w, https:\/\/www.rocdauro.com\/wp-content\/uploads\/2020\/07\/IMG_0433-1920x1280.jpg 1920w, https:\/\/www.rocdauro.com\/wp-content\/uploads\/2020\/07\/IMG_0433-5120x3413.jpg 5120w\" sizes=\"auto, (max-width: 2560px) 100vw, 2560px\" \/><\/p>\n<p><strong>Rocdauro no es un criadero comercial ni con \u00e1nimo de lucro. Nuestra actividad es familiar y se enmarca dentro de las aficiones contempladas como l\u00fadico-deportivas por la legislaci\u00f3n vigente.<\/strong> Nuestros cachorros se pueden venir a recoger a partir de las ocho semanas de vida, en este tiempo transcurrido su madre los ha mamantado debidamente.\u00a0 Una vez empezamos el denominado \u00abdestete\u00bb los cachorritos empiezan a saborear un rico mousse que les da toda las propiedades de un buen alimento seco y\u00a0 cuando los dientes lo\u00a0 permiten les proporcionamos alimento seco (pienso). Siempre mousse y pienso de las mejores marcas del mercado.<\/p>\n<p><img loading=\"lazy\" decoding=\"async\" class=\"alignnone size-full wp-image-1062\" src=\"https:\/\/www.rocdauro.com\/wp-content\/uploads\/2020\/08\/IMG_0314-scaled.jpg\" alt=\"\" width=\"2560\" height=\"1707\" srcset=\"https:\/\/www.rocdauro.com\/wp-content\/uploads\/2020\/08\/IMG_0314-scaled.jpg 2560w, https:\/\/www.rocdauro.com\/wp-content\/uploads\/2020\/08\/IMG_0314-300x200.jpg 300w, https:\/\/www.rocdauro.com\/wp-content\/uploads\/2020\/08\/IMG_0314-1024x683.jpg 1024w, https:\/\/www.rocdauro.com\/wp-content\/uploads\/2020\/08\/IMG_0314-768x512.jpg 768w, https:\/\/www.rocdauro.com\/wp-content\/uploads\/2020\/08\/IMG_0314-1536x1024.jpg 1536w, https:\/\/www.rocdauro.com\/wp-content\/uploads\/2020\/08\/IMG_0314-2048x1365.jpg 2048w, https:\/\/www.rocdauro.com\/wp-content\/uploads\/2020\/08\/IMG_0314-500x333.jpg 500w, https:\/\/www.rocdauro.com\/wp-content\/uploads\/2020\/08\/IMG_0314-690x460.jpg 690w, https:\/\/www.rocdauro.com\/wp-content\/uploads\/2020\/08\/IMG_0314-1300x867.jpg 1300w, https:\/\/www.rocdauro.com\/wp-content\/uploads\/2020\/08\/IMG_0314-1660x1107.jpg 1660w, https:\/\/www.rocdauro.com\/wp-content\/uploads\/2020\/08\/IMG_0314-1920x1280.jpg 1920w, https:\/\/www.rocdauro.com\/wp-content\/uploads\/2020\/08\/IMG_0314-5120x3413.jpg 5120w\" sizes=\"auto, (max-width: 2560px) 100vw, 2560px\" \/>Siempre se entregan con toda la documentaci\u00f3n en regla , es decir: Cartilla sanitaria donde constan vacunas y desparasitaciones, microchip junto a su documento de alta en la AIAC ( Asociaci\u00f3n Identificativa de Animales de Compa\u00f1ia) ,certificado de garant\u00eda sobre enfermetats v\u00edricas y cong\u00e9nitas ,\u00a0 inscripci\u00f3n al LOE\u00a0 ( Libro de Origenes Espa\u00f1ol ) ,es\u00a0 decir su Pedigree y un saquito de pienso junto a su mesurador para los primeros dias de la llegada del cachorro a casa , el mismo alimento que le proporcionamos en Rocdauro.[\/vc_column_text][\/vc_column][\/vc_row][vc_row][vc_column][vc_separator color=\u00bbblack\u00bb border_width=\u00bb3&#8243;][\/vc_column][\/vc_row][vc_row][vc_column][vc_column_text][\/vc_column_text][\/vc_column][\/vc_row]<\/p>","protected":false},"excerpt":{"rendered":"<p>[vc_row css=\u00bb.vc_custom_1436899789763{margin-bottom: 20px !important;}\u00bb][vc_column][vc_column_text] Bienvenidos a nuestra web. Somos\u00a0 la Mireia y el Xavier dos apasionados de los Jacks Russells Terriers. Desde que empecemos a compartir nuestras vidas siempre hemos estado rodeados de mascotas. Primero perros de razas grandes hasta que un dia en un concurso canino nos despert\u00f3 el inter\u00e9s hacia un perro de [&hellip;]<\/p>\n","protected":false},"author":1,"featured_media":0,"parent":0,"menu_order":0,"comment_status":"closed","ping_status":"closed","template":"","meta":{"footnotes":""},"class_list":["post-326","page","type-page","status-publish","hentry"],"_links":{"self":[{"href":"https:\/\/www.rocdauro.com\/es\/wp-json\/wp\/v2\/pages\/326","targetHints":{"allow":["GET"]}}],"collection":[{"href":"https:\/\/www.rocdauro.com\/es\/wp-json\/wp\/v2\/pages"}],"about":[{"href":"https:\/\/www.rocdauro.com\/es\/wp-json\/wp\/v2\/types\/page"}],"author":[{"embeddable":true,"href":"https:\/\/www.rocdauro.com\/es\/wp-json\/wp\/v2\/users\/1"}],"replies":[{"embeddable":true,"href":"https:\/\/www.rocdauro.com\/es\/wp-json\/wp\/v2\/comments?post=326"}],"version-history":[{"count":145,"href":"https:\/\/www.rocdauro.com\/es\/wp-json\/wp\/v2\/pages\/326\/revisions"}],"predecessor-version":[{"id":1117,"href":"https:\/\/www.rocdauro.com\/es\/wp-json\/wp\/v2\/pages\/326\/revisions\/1117"}],"wp:attachment":[{"href":"https:\/\/www.rocdauro.com\/es\/wp-json\/wp\/v2\/media?parent=326"}],"curies":[{"name":"wp","href":"https:\/\/api.w.org\/{rel}","templated":true}]}}